{"id":55,"date":"2011-02-08T22:53:10","date_gmt":"2011-02-08T20:53:10","guid":{"rendered":"http:\/\/www.lehtojarvi.net\/?page_id=55"},"modified":"2011-02-08T22:53:10","modified_gmt":"2011-02-08T20:53:10","slug":"yhteydenotto","status":"publish","type":"page","link":"https:\/\/www.lehtojarvi.net\/lehtojarvi\/?page_id=55","title":{"rendered":"Yhteydenotto"},"content":{"rendered":"<h2>Yhteydenottolomake<\/h2>\n<p>Ole hyv\u00e4 ja kirjoita mik\u00e4 mielt\u00e4si askarruttaa, paina l\u00e4het\u00e4 ja odota vastausta. Vastauksen saat antamaasi s\u00e4hk\u00f6postiosoitteeseen!<\/p>\n<p>[contact-form 1 &#8221;Yhteydenottolomake 1&#8221;]<\/p>\n","protected":false},"excerpt":{"rendered":"<p>Yhteydenottolomake Ole hyv\u00e4 ja kirjoita mik\u00e4 mielt\u00e4si askarruttaa, paina l\u00e4het\u00e4 ja odota vastausta. Vastauksen saat antamaasi s\u00e4hk\u00f6postiosoitteeseen! [contact-form 1 &#8221;Yhteydenottolomake 1&#8221;]<\/p>\n","protected":false},"author":2,"featured_media":0,"parent":0,"menu_order":0,"comment_status":"closed","ping_status":"closed","template":"","meta":{"ngg_post_thumbnail":0,"footnotes":""},"class_list":["post-55","page","type-page","status-publish","hentry","column","twocol"],"_links":{"self":[{"href":"https:\/\/www.lehtojarvi.net\/lehtojarvi\/index.php?rest_route=\/wp\/v2\/pages\/55","targetHints":{"allow":["GET"]}}],"collection":[{"href":"https:\/\/www.lehtojarvi.net\/lehtojarvi\/index.php?rest_route=\/wp\/v2\/pages"}],"about":[{"href":"https:\/\/www.lehtojarvi.net\/lehtojarvi\/index.php?rest_route=\/wp\/v2\/types\/page"}],"author":[{"embeddable":true,"href":"https:\/\/www.lehtojarvi.net\/lehtojarvi\/index.php?rest_route=\/wp\/v2\/users\/2"}],"replies":[{"embeddable":true,"href":"https:\/\/www.lehtojarvi.net\/lehtojarvi\/index.php?rest_route=%2Fwp%2Fv2%2Fcomments&post=55"}],"version-history":[{"count":0,"href":"https:\/\/www.lehtojarvi.net\/lehtojarvi\/index.php?rest_route=\/wp\/v2\/pages\/55\/revisions"}],"wp:attachment":[{"href":"https:\/\/www.lehtojarvi.net\/lehtojarvi\/index.php?rest_route=%2Fwp%2Fv2%2Fmedia&parent=55"}],"curies":[{"name":"wp","href":"https:\/\/api.w.org\/{rel}","templated":true}]}}